{"id":969,"date":"2023-03-27T19:43:04","date_gmt":"2023-03-27T17:43:04","guid":{"rendered":"https:\/\/lockers.servidorbeta.es\/aviso-legal\/"},"modified":"2025-09-01T19:22:14","modified_gmt":"2025-09-01T17:22:14","slug":"avis-juridique","status":"publish","type":"page","link":"https:\/\/lockersalicante.com\/fr\/avis-juridique\/","title":{"rendered":"Mentions l\u00e9gales"},"content":{"rendered":"\t\t<div data-elementor-type=\"wp-page\" data-elementor-id=\"969\" class=\"elementor elementor-969 elementor-669\" data-elementor-post-type=\"page\">\n\t\t\t\t\t\t<section class=\"elementor-section elementor-top-section elementor-element elementor-element-2687b71 elementor-section-boxed elementor-section-height-default elementor-section-height-default\" data-id=\"2687b71\" data-element_type=\"section\" data-e-type=\"section\">\n\t\t\t\t\t\t<div class=\"elementor-container elementor-column-gap-default\">\n\t\t\t\t\t<div class=\"elementor-column elementor-col-100 elementor-top-column elementor-element elementor-element-1fbc66b\" data-id=\"1fbc66b\" data-element_type=\"column\" data-e-type=\"column\">\n\t\t\t<div class=\"elementor-widget-wrap elementor-element-populated\">\n\t\t\t\t\t\t<div class=\"elementor-element elementor-element-a4823fd elementor-widget elementor-widget-heading\" data-id=\"a4823fd\" data-element_type=\"widget\" data-e-type=\"widget\" data-widget_type=\"heading.default\">\n\t\t\t\t<div class=\"elementor-widget-container\">\n\t\t\t\t\t<h1 class=\"elementor-heading-title elementor-size-default\">Mentions l\u00e9gales<\/h1>\t\t\t\t<\/div>\n\t\t\t\t<\/div>\n\t\t\t\t<div class=\"elementor-element elementor-element-86b59f0 elementor-widget elementor-widget-text-editor\" data-id=\"86b59f0\" data-element_type=\"widget\" data-e-type=\"widget\" data-widget_type=\"text-editor.default\">\n\t\t\t\t<div class=\"elementor-widget-container\">\n\t\t\t\t\t\t\t\t\t<p>Le responsable de ce site Internet est SITBACK MEDITERRANEA, S.L., soci\u00e9t\u00e9 immatricul\u00e9e au Registre du commerce et des soci\u00e9t\u00e9s d\u2019Alicante (Volume 3340, Feuillet 84, Feuille A 115136, I\/A 1), titulaire du C.I.F. n\u00ba B54386883 et \u00e9tablie \u00e0 \u00a0AVDA DE SALAMANCA, NUM 8 PLANTA BAJ, PUERTA DCH,03005, ALICANTE (ALICANTE).<\/p><p>Vous pouvez \u00e9galement nous contacter par t\u00e9l\u00e9phone, au 652096704, ou par courriel, \u00e0 hola@lockersalicante.com (e-mail ou lien vers le formulaire de contact).<strong>\u00a0<\/strong><\/p><p><strong>\u00a0<\/strong><\/p><h3><strong>Propri\u00e9t\u00e9 Intellectuelle et Industrielle <\/strong><\/h3><p>La conception de ce site Internet, ses codes sources, les logos, les marques et les autres signes distinctifs qui figurent sur celui-ci appartiennent \u00e0 SITBACK MEDITERRANEA, S.L. et sont prot\u00e9g\u00e9s par les droits de propri\u00e9t\u00e9 intellectuelle et industrielle pertinents.<\/p><p><strong>\u00a0<\/strong><\/p><h3><strong>Responsabilit\u00e9 des contenus<\/strong><\/h3><p>SITBACK MEDITERRANEA, S.L. n\u2019est en aucun cas responsable de la l\u00e9galit\u00e9 d\u2019autres sites Internet appartenant \u00e0 des tiers depuis lesquels il est possible d\u2019acc\u00e9der \u00e0 ce site Internet.<\/p><p>SITBACK MEDITERRANEA, S.L. n\u2019est \u00e9galement pas responsable de la l\u00e9galit\u00e9 d\u2019autres sites Internet appartenant \u00e0 des tiers qui pourraient avoir un lien ou \u00eatre redirig\u00e9s depuis ce site Internet.<\/p><p>SITBACK MEDITERRANEA, S.L. se r\u00e9serve le droit de r\u00e9aliser des modifications sur le site Internet sans avertissement pr\u00e9alable, afin de mettre \u00e0 jour ses informations, en ajoutant, modifiant, corrigeant ou supprimant les contenus publi\u00e9s ou la conception du portail.<\/p><p>SITBACK MEDITERRANEA, S.L. ne sera en aucun cas responsable de l\u2019usage que des tiers pourraient effectuer concernant les informations publi\u00e9es sur le portail, ni des dommages occasionn\u00e9s, ni \u00a0des pertes financi\u00e8res qu\u2019ils causeraient ou pourraient causer directement ou indirectement, ni des pr\u00e9judices financiers, mat\u00e9riels ou sur des donn\u00e9es provoqu\u00e9s par l\u2019utilisation de ces informations.<\/p><p><strong>\u00a0<\/strong><\/p><h3><strong>Reproduction des contenus<\/strong><\/h3><p>La reproduction totale ou partielle des contenus publi\u00e9s sur ce site Internet sans l\u2019autorisation \u00e9crite pr\u00e9alable de SITBACK MEDITERRANEA, S.L. est formellement interdite.<\/p><p>Toutes les informations relatives \u00e0 la confidentialit\u00e9 figurent dans notre\u00a0<a href=\"https:\/\/lockersalicante.com\/fr\/politique-de-confidentialite\/\">Politique de Confidentialit\u00e9.<\/a><\/p>\t\t\t\t\t\t\t\t<\/div>\n\t\t\t\t<\/div>\n\t\t\t\t\t<\/div>\n\t\t<\/div>\n\t\t\t\t\t<\/div>\n\t\t<\/section>\n\t\t\t\t<\/div>\n\t\t","protected":false},"excerpt":{"rendered":"<p>Le responsable de ce site Internet est SITBACK MEDITERRANEA, S.L., soci\u00e9t\u00e9 immatricul\u00e9e au Registre du commerce et des soci\u00e9t\u00e9s d\u2019Alicante (Volume 3340, Feuillet 84, Feuille A 115136, I\/A 1), titulaire du C.I.F. n\u00ba B54386883 et \u00e9tablie \u00e0 \u00a0AVDA DE SALAMANCA, NUM 8 PLANTA BAJ, PUERTA DCH,03005, ALICANTE (ALICANTE). Vous pouvez \u00e9galement nous contacter par t\u00e9l\u00e9phone, [&hellip;]<\/p>\n","protected":false},"author":1,"featured_media":0,"parent":0,"menu_order":0,"comment_status":"closed","ping_status":"closed","template":"","meta":{"site-sidebar-layout":"no-sidebar","site-content-layout":"page-builder","ast-site-content-layout":"full-width-container","site-content-style":"unboxed","site-sidebar-style":"unboxed","ast-global-header-display":"","ast-banner-title-visibility":"","ast-main-header-display":"","ast-hfb-above-header-display":"","ast-hfb-below-header-display":"","ast-hfb-mobile-header-display":"","site-post-title":"disabled","ast-breadcrumbs-content":"","ast-featured-img":"disabled","footer-sml-layout":"","ast-disable-related-posts":"","theme-transparent-header-meta":"default","adv-header-id-meta":"","stick-header-meta":"","header-above-stick-meta":"","header-main-stick-meta":"","header-below-stick-meta":"","astra-migrate-meta-layouts":"set","ast-page-background-enabled":"default","ast-page-background-meta":{"desktop":{"background-color":"var(--ast-global-color-4)","background-image":"","background-repeat":"repeat","background-position":"center center","background-size":"auto","background-attachment":"scroll","background-type":"","background-media":"","overlay-type":"","overlay-color":"","overlay-opacity":"","overlay-gradient":""},"tablet":{"background-color":"","background-image":"","background-repeat":"repeat","background-position":"center center","background-size":"auto","background-attachment":"scroll","background-type":"","background-media":"","overlay-type":"","overlay-color":"","overlay-opacity":"","overlay-gradient":""},"mobile":{"background-color":"","background-image":"","background-repeat":"repeat","background-position":"center center","background-size":"auto","background-attachment":"scroll","background-type":"","background-media":"","overlay-type":"","overlay-color":"","overlay-opacity":"","overlay-gradient":""}},"ast-content-background-meta":{"desktop":{"background-color":"var(--ast-global-color-5)","background-image":"","background-repeat":"repeat","background-position":"center center","background-size":"auto","background-attachment":"scroll","background-type":"","background-media":"","overlay-type":"","overlay-color":"","overlay-opacity":"","overlay-gradient":""},"tablet":{"background-color":"var(--ast-global-color-5)","background-image":"","background-repeat":"repeat","background-position":"center center","background-size":"auto","background-attachment":"scroll","background-type":"","background-media":"","overlay-type":"","overlay-color":"","overlay-opacity":"","overlay-gradient":""},"mobile":{"background-color":"var(--ast-global-color-5)","background-image":"","background-repeat":"repeat","background-position":"center center","background-size":"auto","background-attachment":"scroll","background-type":"","background-media":"","overlay-type":"","overlay-color":"","overlay-opacity":"","overlay-gradient":""}},"_joinchat":[],"footnotes":""},"class_list":["post-969","page","type-page","status-publish","hentry"],"_links":{"self":[{"href":"https:\/\/lockersalicante.com\/fr\/wp-json\/wp\/v2\/pages\/969","targetHints":{"allow":["GET"]}}],"collection":[{"href":"https:\/\/lockersalicante.com\/fr\/wp-json\/wp\/v2\/pages"}],"about":[{"href":"https:\/\/lockersalicante.com\/fr\/wp-json\/wp\/v2\/types\/page"}],"author":[{"embeddable":true,"href":"https:\/\/lockersalicante.com\/fr\/wp-json\/wp\/v2\/users\/1"}],"replies":[{"embeddable":true,"href":"https:\/\/lockersalicante.com\/fr\/wp-json\/wp\/v2\/comments?post=969"}],"version-history":[{"count":1,"href":"https:\/\/lockersalicante.com\/fr\/wp-json\/wp\/v2\/pages\/969\/revisions"}],"predecessor-version":[{"id":2404,"href":"https:\/\/lockersalicante.com\/fr\/wp-json\/wp\/v2\/pages\/969\/revisions\/2404"}],"wp:attachment":[{"href":"https:\/\/lockersalicante.com\/fr\/wp-json\/wp\/v2\/media?parent=969"}],"curies":[{"name":"wp","href":"https:\/\/api.w.org\/{rel}","templated":true}]}}