{"id":978,"date":"2023-04-01T21:24:32","date_gmt":"2023-04-01T19:24:32","guid":{"rendered":"https:\/\/lockers.servidorbeta.es\/politica-de-cookies\/"},"modified":"2025-09-01T19:22:05","modified_gmt":"2025-09-01T17:22:05","slug":"politique-de-cookies","status":"publish","type":"page","link":"https:\/\/lockersalicante.com\/fr\/politique-de-cookies\/","title":{"rendered":"Politique de cookies"},"content":{"rendered":"\t\t<div data-elementor-type=\"wp-page\" data-elementor-id=\"978\" class=\"elementor elementor-978 elementor-972\" data-elementor-post-type=\"page\">\n\t\t\t\t\t\t<section class=\"elementor-section elementor-top-section elementor-element elementor-element-229af01d elementor-section-boxed elementor-section-height-default elementor-section-height-default\" data-id=\"229af01d\" data-element_type=\"section\" data-e-type=\"section\">\n\t\t\t\t\t\t<div class=\"elementor-container elementor-column-gap-default\">\n\t\t\t\t\t<div class=\"elementor-column elementor-col-100 elementor-top-column elementor-element elementor-element-253b5595\" data-id=\"253b5595\" data-element_type=\"column\" data-e-type=\"column\">\n\t\t\t<div class=\"elementor-widget-wrap elementor-element-populated\">\n\t\t\t\t\t\t<div class=\"elementor-element elementor-element-75e5d6a4 elementor-widget elementor-widget-heading\" data-id=\"75e5d6a4\" data-element_type=\"widget\" data-e-type=\"widget\" data-widget_type=\"heading.default\">\n\t\t\t\t<div class=\"elementor-widget-container\">\n\t\t\t\t\t<h1 class=\"elementor-heading-title elementor-size-default\">Politique de cookies<\/h1>\t\t\t\t<\/div>\n\t\t\t\t<\/div>\n\t\t\t\t<div class=\"elementor-element elementor-element-6eda93d9 elementor-widget elementor-widget-text-editor\" data-id=\"6eda93d9\" data-element_type=\"widget\" data-e-type=\"widget\" data-widget_type=\"text-editor.default\">\n\t\t\t\t<div class=\"elementor-widget-container\">\n\t\t\t\t\t\t\t\t\t<p>La Loi 34\/2002 sur les services de la soci\u00e9t\u00e9 de l\u2019information et du commerce \u00e9lectronique (LSSI-CE, de par ses sigles en espagnol) contraint tous ceux qui auraient un blog ou un site Internet \u00e0 informer l\u2019utilisateur de l\u2019existence de cookies, \u00e0 les renseigner sur ces derni\u00e8res et \u00e0 leur demander leur consentement pour les t\u00e9l\u00e9charger. Telle est la fonction de l\u2019alerte des Cookies qui appara\u00eet lorsque vous naviguez pour la premi\u00e8re fois sur le site de LOCKERS ALICANTE.<\/p><p>Il n\u2019est pas toujours possible d\u2019avoir les informations mises \u00e0 jour des cookies que des tiers peuvent utiliser via ce site Internet.<\/p><p>Par cons\u00e9quent, dans le cas o\u00f9 vous rencontreriez ce type de cookies sur ce site Internet et qu\u2019ils ne seraient pas \u00e9num\u00e9r\u00e9s dans la liste ci-dessous, nous vous informons de l\u2019importance de bien vouloir nous le communiquer. Vous pouvez \u00e9galement contacter directement le tiers pour lui demander des informations sur les cookies qu\u2019il implante, la finalit\u00e9 et la dur\u00e9e du cookie et sur la fa\u00e7on dont votre confidentialit\u00e9 est garantie.<\/p><p><strong>Comment pouvons-nous classer les cookies\u00a0?<\/strong><\/p><p><strong>Selon leur finalit\u00e9 :<\/strong><\/p><p>Cookies techniques : Les cookies techniques sont les cookies indispensables et strictement n\u00e9cessaires pour le fonctionnement correct d\u2019un site Internet et pour l\u2019utilisation des diff\u00e9rentes options et des diff\u00e9rents services qu\u2019il propose. Par exemple, les cookies servant \u00e0 la maintenance de la session, \u00e0 la gestion du temps de r\u00e9ponse, du rendement ou de la validation des options, \u00e0 l\u2019utilisation d\u2019\u00e9l\u00e9ments de s\u00e9curit\u00e9, au partage de contenus avec les r\u00e9seaux sociaux, etc.<\/p><p>Cookies de personnalisation : Ces cookies permettent \u00e0 l\u2019utilisateur de sp\u00e9cifier ou de personnaliser certaines caract\u00e9ristiques des options g\u00e9n\u00e9rales du site Internet, comme choisir la langue, la configuration r\u00e9gionale ou le type de navigateur.<\/p><p>Cookies analytiques : Les cookies analytiques sont ceux utilis\u00e9s par notre site Internet pour cr\u00e9er des profils de navigation et pour conna\u00eetre les pr\u00e9f\u00e9rences des utilisateurs de ce dernier afin d\u2019am\u00e9liorer l\u2019offre de produits et services. Par exemple, un cookie analytique permet de contr\u00f4ler les zones g\u00e9ographiques les plus int\u00e9ressantes pour un utilisateur, de savoir le produit le plus populaire, etc.<\/p><p>Cookies publicitaires \/ de publicit\u00e9 : Les cookies publicitaires permettent de g\u00e9rer les espaces publicitaires en fonction de crit\u00e8res pr\u00e9cis. Par exemple, la fr\u00e9quence d\u2019acc\u00e8s, le contenu \u00e9dit\u00e9, etc. Les cookies de publicit\u00e9 permettent, via la gestion de la publicit\u00e9, de stocker des informations sur le comportement en observant les habitudes, en \u00e9tudiant les acc\u00e8s ainsi qu\u2019en \u00e9tablissant un profil des pr\u00e9f\u00e9rences de l\u2019utilisateur, afin de lui offrir une publicit\u00e9 associ\u00e9e aux int\u00e9r\u00eats de son profil.<\/p><p><strong>Selon la dur\u00e9e :<\/strong><\/p><p>Cookies de session : Les cookies de session sont ceux dont la dur\u00e9e est associ\u00e9e \u00e0 la dur\u00e9e pendant laquelle l\u2019utilisateur navigue sur le site Internet. Ils sont supprim\u00e9s au terme de cette navigation. \u00a0<\/p><p>Cookies persistants : Ces cookies sont stock\u00e9s sur le terminal de l\u2019utilisateur pour une p\u00e9riode plus longue et permettent ainsi de contr\u00f4ler les pr\u00e9f\u00e9rences choisies sans avoir \u00e0 r\u00e9p\u00e9ter certains param\u00e8tres \u00e0 chaque fois que l\u2019utilisateur visite le site Internet.<\/p><p><strong>LES COOKIES UTILIS\u00c9S PAR CE SITE INTERNET<\/strong><\/p><p>Ce site Internet utilise ses propres cookies et les cookies de tiers afin que l\u2019utilisateur puisse avoir une meilleure exp\u00e9rience de navigation, pour qu\u2019il puisse partager des contenus sur des r\u00e9seaux sociaux, pour lui montrer des publicit\u00e9s en fonction de ses int\u00e9r\u00eats et pour obtenir des statistiques d\u2019utilisateurs.<\/p><p>En tant qu\u2019utilisateur, vous pouvez refuser le traitement des donn\u00e9es ou des informations en bloquant ces cookies, en configurant ad\u00e9quatement votre navigateur. Toutefois, en cas de refus, vous devez savoir que ce site ne fonctionnera pas correctement.<\/p><p>Selon les conditions \u00e9tablies \u00e0 l\u2019article 22.2 de la Loi 34\/2002 sur les services de l\u2019information et du commerce \u00e9lectronique, si vous poursuivez la navigation, vous autoriserez donc l\u2019utilisation des cookies comme d\u00e9taill\u00e9s ci-dessous.<\/p><p>Les cookies de ce site Internet permettent de :<\/p><ul><li>Faire fonctionner correctement le site Internet<\/li><li>Vous \u00e9viter de d\u00e9marrer session \u00e0 chaque fois que vous visitez ce site<\/li><li>Vous rappelez vos r\u00e9glages pendant et entre les visites<\/li><li>Vous permettre de visionner des vid\u00e9os<\/li><li>Am\u00e9liorer la vitesse \/ s\u00e9curit\u00e9 du site<\/li><li>Pouvoir partager des pages avec des r\u00e9seaux sociaux<\/li><li>Am\u00e9liorer continuellement ce site Internet<\/li><li>Vous montrer des publicit\u00e9s en fonction de vos habitudes de navigation<\/li><\/ul><p>\u00a0<\/p><p>Nous n\u2019utiliserons jamais des cookies pour :<\/p><ul><li>Collecter des informations d\u2019identification personnelle (sans votre autorisation formelle)<\/li><li>Collecter des informations sensibles (sans votre autorisation formelle)<\/li><li>Partager des donn\u00e9es d\u2019identification personnelle avec des tiers<\/li><\/ul><p>\u00a0<\/p><p><strong>COOKIES DE TIERS UTILIS\u00c9S SUR CE SITE INTERNET<\/strong><\/p><p>Ce site Internet, comme la plupart des sites Internet, comprend des fonctionnalit\u00e9s pourvues par des tiers.<\/p><p>De nouvelles conceptions et de nouveaux services de tiers sont \u00e9galement r\u00e9guli\u00e8rement test\u00e9s pour des recommandations et des rapports, ce qui peut modifier occasionnellement la configuration des cookies et faire appara\u00eetre des cookies non d\u00e9taill\u00e9s dans la pr\u00e9sente politique. Il est important que l\u2019utilisateur sache qu\u2019ils sont des cookies temporaires impossibles parfois d\u2019informer et qui ont uniquement des finalit\u00e9s d\u2019\u00e9tude et d\u2019\u00e9valuation. En aucun cas des cookies compromettant votre confidentialit\u00e9 ne seront utilis\u00e9s.<\/p><p>Parmi les cookies de tiers les plus stables figurent :<\/p><p><strong>Cookies de Google<\/strong><\/p><p>Ceux g\u00e9n\u00e9r\u00e9s par des services d\u2019analyse, plus pr\u00e9cis\u00e9ment <strong>Google Analytics,<\/strong>\u00a0pour aider le site Internet \u00e0 analyser l\u2019usage que les utilisateurs font du site Internet et pour am\u00e9liorer l\u2019utilisation de ce dernier. Ils sont en aucun cas associ\u00e9s \u00e0 des donn\u00e9es qui pourraient permettre d\u2019identifier l\u2019utilisateur.<\/p><p>Google Analytics est un service analytique de site Internet fourni par Google, Inc., une compagnie de Delaware dont le bureau principal est situ\u00e9 \u00e0 1600 Amphitheatre Parkway, Mountain View (California), CA 94043, USA (\u00ab\u00a0Google\u00a0\u00bb). L\u2019utilisateur peut consulter ici les types de cookies utilis\u00e9s par Google. Cookie de Google+ et Google Maps, conform\u00e9ment aux dispositions \u00e9tablies sur son site \u00e0 propos des types de cookies utilis\u00e9s.<\/p><p><strong>Suivi de Google Adwords :<\/strong>\u00a0Nous utilisons un suivi des conversions de Google AdWords. Le suivi des conversions est un outil gratuit qui indique ce qui se passe apr\u00e8s qu\u2019un client ait cliqu\u00e9 sur les annonces, aussi bien s\u2019il a achet\u00e9 un produit que s\u2019il s\u2019est inscrit \u00e0 une newsletter. Ces cookies expirent au bout de 30 jours et ne contiennent aucune information qui pourrait personnellement identifier l\u2019utilisateur.<\/p><p>Pour plus d&rsquo;informations sur le suivi des conversions par Google, veuillez consulter le lien suivant:\u00a0<\/p><p><a href=\"https:\/\/support.google.com\/google-ads\/answer\/1722022?hl=es\" rel=\"nofollow noopener\" target=\"_blank\">https:\/\/support.google.com\/google-ads\/answer\/1722022?hl=es<\/a>.<\/p><p><strong>Cookies de r\u00e9seaux sociaux :<\/strong>\u00a0Les cookies de r\u00e9seaux sociaux peuvent \u00eatre stock\u00e9s dans votre navigateur tant que l\u2019utilisateur navigue sur LOCKERS ALICANTE, par exemple, lorsque l\u2019utilisateur utilise le bouton \u00ab\u00a0Partager\u00a0\u00bb des contenus de LOCKERS ALICANTE sur un r\u00e9seau social.<\/p><p>Les entreprises qui g\u00e9n\u00e8rent ces cookies associ\u00e9s aux r\u00e9seaux sociaux que ce site Internet utilise ont leurs propres politiques de cookies\u00a0:<\/p><ul><li>Cookie de Twitter, conform\u00e9ment aux dispositions \u00e9tablies dans sa politique de confidentialit\u00e9 et l\u2019utilisation de cookies.<\/li><li>Cookie de Facebook, conform\u00e9ment aux dispositions \u00e9tablies dans sa Politique de Cookies.<\/li><\/ul><p>\u00a0<\/p><p><strong>LISTE DES COOKIES<\/strong><\/p><ul><li><strong>_ga<\/strong><\/li><\/ul><p><strong>Google Analytics tracking cookie<\/strong><\/p><p>Type : HTTP Cookie<\/p><p>Domaine : lockersalicante.com<\/p><p>Expire dans 730 jours.<\/p><p>Finalit\u00e9: Cookie fix\u00e9 par analytics.js; framework JavaScript appartenant \u00e0 Google. La biblioth\u00e8que analytics.js fait partie de Google Universal Analytics et utilise ce cookie d\u2019origine qui contient un identifiant anonyme utilis\u00e9 pour diff\u00e9rencier les utilisateurs.<\/p><ul><li><strong>_gid<\/strong><\/li><\/ul><p><strong>Google Analytics tracking cookie<\/strong><\/p><p>Type : HTTP Cookie<\/p><p>Domaine : lockersalicante.com<\/p><p>Expire dans un jour.<\/p><p>Finalit\u00e9: Cookie fix\u00e9 par analytics.js; framework JavaScript appartenant \u00e0 Google. La biblioth\u00e8que analytics.js fait partie de Google Universal Analytics et utilise ce cookie d\u2019origine qui contient un identifiant anonyme utilis\u00e9 pour diff\u00e9rencier les langues.<\/p><ul><li><strong>_gat_gtag<\/strong><\/li><\/ul><p><strong>Google Analytics tracking cookie<\/strong><\/p><p>Type : HTTP Cookie<\/p><p>Domaine : lockersalicante.com<\/p><p>Valide uniquement pendant la session actuelle du navigateur. Il sera supprim\u00e9 une fois le navigateur ferm\u00e9.<\/p><p>Finalit\u00e9: Cookie fix\u00e9 par analytics.js; framework JavaScript appartenant \u00e0 Google. La biblioth\u00e8que analytics.js fait partie de Google Universal Analytics et utilise ce cookie d\u2019origine qui contient un identifiant pour diff\u00e9rencier les divers objets de suivi cr\u00e9\u00e9s dans la session.<\/p><p><strong>COMMENT G\u00c9RER ET D\u00c9SACTIVER CES COOKIES<\/strong><\/p><p>Si vous ne souhaitez pas que les sites Internet installent des cookies dans votre terminal, vous pouvez adapter la configuration du navigateur afin d\u2019\u00eatre inform\u00e9 avant le t\u00e9l\u00e9chargement d\u2019un cookie. De m\u00eame, vous pouvez adapter la configuration afin que le navigateur puisse refuser tous les cookies ou seulement les cookies de tiers. Vous pouvez \u00e9galement supprimer n&rsquo;importe quel cookie d\u00e9j\u00e0 stock\u00e9 dans votre machine. Vous devrez adapter s\u00e9par\u00e9ment la configuration de chaque navigateur et de chaque \u00e9quipement que vous pourriez utiliser.<\/p>\t\t\t\t\t\t\t\t<\/div>\n\t\t\t\t<\/div>\n\t\t\t\t\t<\/div>\n\t\t<\/div>\n\t\t\t\t\t<\/div>\n\t\t<\/section>\n\t\t\t\t<\/div>\n\t\t","protected":false},"excerpt":{"rendered":"<p>La Loi 34\/2002 sur les services de la soci\u00e9t\u00e9 de l\u2019information et du commerce \u00e9lectronique (LSSI-CE, de par ses sigles en espagnol) contraint tous ceux qui auraient un blog ou un site Internet \u00e0 informer l\u2019utilisateur de l\u2019existence de cookies, \u00e0 les renseigner sur ces derni\u00e8res et \u00e0 leur demander leur consentement pour les t\u00e9l\u00e9charger. [&hellip;]<\/p>\n","protected":false},"author":1,"featured_media":0,"parent":0,"menu_order":0,"comment_status":"closed","ping_status":"closed","template":"","meta":{"site-sidebar-layout":"no-sidebar","site-content-layout":"page-builder","ast-site-content-layout":"full-width-container","site-content-style":"unboxed","site-sidebar-style":"unboxed","ast-global-header-display":"","ast-banner-title-visibility":"","ast-main-header-display":"","ast-hfb-above-header-display":"","ast-hfb-below-header-display":"","ast-hfb-mobile-header-display":"","site-post-title":"disabled","ast-breadcrumbs-content":"","ast-featured-img":"disabled","footer-sml-layout":"","ast-disable-related-posts":"","theme-transparent-header-meta":"default","adv-header-id-meta":"","stick-header-meta":"","header-above-stick-meta":"","header-main-stick-meta":"","header-below-stick-meta":"","astra-migrate-meta-layouts":"set","ast-page-background-enabled":"default","ast-page-background-meta":{"desktop":{"background-color":"var(--ast-global-color-4)","background-image":"","background-repeat":"repeat","background-position":"center center","background-size":"auto","background-attachment":"scroll","background-type":"","background-media":"","overlay-type":"","overlay-color":"","overlay-opacity":"","overlay-gradient":""},"tablet":{"background-color":"","background-image":"","background-repeat":"repeat","background-position":"center center","background-size":"auto","background-attachment":"scroll","background-type":"","background-media":"","overlay-type":"","overlay-color":"","overlay-opacity":"","overlay-gradient":""},"mobile":{"background-color":"","background-image":"","background-repeat":"repeat","background-position":"center center","background-size":"auto","background-attachment":"scroll","background-type":"","background-media":"","overlay-type":"","overlay-color":"","overlay-opacity":"","overlay-gradient":""}},"ast-content-background-meta":{"desktop":{"background-color":"var(--ast-global-color-5)","background-image":"","background-repeat":"repeat","background-position":"center center","background-size":"auto","background-attachment":"scroll","background-type":"","background-media":"","overlay-type":"","overlay-color":"","overlay-opacity":"","overlay-gradient":""},"tablet":{"background-color":"var(--ast-global-color-5)","background-image":"","background-repeat":"repeat","background-position":"center center","background-size":"auto","background-attachment":"scroll","background-type":"","background-media":"","overlay-type":"","overlay-color":"","overlay-opacity":"","overlay-gradient":""},"mobile":{"background-color":"var(--ast-global-color-5)","background-image":"","background-repeat":"repeat","background-position":"center center","background-size":"auto","background-attachment":"scroll","background-type":"","background-media":"","overlay-type":"","overlay-color":"","overlay-opacity":"","overlay-gradient":""}},"_joinchat":[],"footnotes":""},"class_list":["post-978","page","type-page","status-publish","hentry"],"_links":{"self":[{"href":"https:\/\/lockersalicante.com\/fr\/wp-json\/wp\/v2\/pages\/978","targetHints":{"allow":["GET"]}}],"collection":[{"href":"https:\/\/lockersalicante.com\/fr\/wp-json\/wp\/v2\/pages"}],"about":[{"href":"https:\/\/lockersalicante.com\/fr\/wp-json\/wp\/v2\/types\/page"}],"author":[{"embeddable":true,"href":"https:\/\/lockersalicante.com\/fr\/wp-json\/wp\/v2\/users\/1"}],"replies":[{"embeddable":true,"href":"https:\/\/lockersalicante.com\/fr\/wp-json\/wp\/v2\/comments?post=978"}],"version-history":[{"count":1,"href":"https:\/\/lockersalicante.com\/fr\/wp-json\/wp\/v2\/pages\/978\/revisions"}],"predecessor-version":[{"id":2403,"href":"https:\/\/lockersalicante.com\/fr\/wp-json\/wp\/v2\/pages\/978\/revisions\/2403"}],"wp:attachment":[{"href":"https:\/\/lockersalicante.com\/fr\/wp-json\/wp\/v2\/media?parent=978"}],"curies":[{"name":"wp","href":"https:\/\/api.w.org\/{rel}","templated":true}]}}